{"id":1599,"date":"2023-11-28T15:49:04","date_gmt":"2023-11-28T14:49:04","guid":{"rendered":"https:\/\/habiterlaterre.com\/?page_id=1599"},"modified":"2026-01-13T16:09:43","modified_gmt":"2026-01-13T15:09:43","slug":"articles","status":"publish","type":"page","link":"https:\/\/habiterlaterre.com\/en\/articles\/","title":{"rendered":"Media"},"content":{"rendered":"<div class=\"wp-block-cover is-light has-custom-content-position is-position-bottom-right\"><img fetchpriority=\"high\" decoding=\"async\" width=\"1024\" height=\"683\" class=\"wp-block-cover__image-background wp-image-1604\" alt=\"\" src=\"https:\/\/habiterlaterre.com\/wp-content\/uploads\/2023\/11\/53008194864-07a998e4ca-k.jpg\" style=\"object-position:16% 20%\" data-object-fit=\"cover\" data-object-position=\"16% 20%\" srcset=\"https:\/\/habiterlaterre.com\/wp-content\/uploads\/2023\/11\/53008194864-07a998e4ca-k.jpg 1024w, https:\/\/habiterlaterre.com\/wp-content\/uploads\/2023\/11\/53008194864-07a998e4ca-k-300x200.jpg 300w, https:\/\/habiterlaterre.com\/wp-content\/uploads\/2023\/11\/53008194864-07a998e4ca-k-768x512.jpg 768w\" sizes=\"(max-width: 1024px) 100vw, 1024px\" \/><span aria-hidden=\"true\" class=\"wp-block-cover__background has-background-dim-0 has-background-dim\"><\/span><div class=\"wp-block-cover__inner-container is-layout-flow wp-block-cover-is-layout-flow\">\n<p class=\"has-text-align-center has-ast-global-color-5-color has-text-color has-link-color has-large-font-size wp-elements-3d398edd8d5d447d973279671ebbbafe\">Press articles<\/p>\n<\/div><\/div>\n\n\n\n<p class=\"translation-block\"><em>Habiter la terre<\/em> in the press (in French):<\/p>\n\n\n\n<p>&#8211; <a href=\"https:\/\/www.rue89strasbourg.com\/vosges-alternatives-maison-en-terre-paille-268763\" data-type=\"link\" data-id=\"https:\/\/www.rue89strasbourg.com\/vosges-alternatives-maison-en-terre-paille-268763\">\u00c0 La Grande Fosse, la petite maison en terre-paille dans la prairie<\/a>, Rue89 Strasbourg, 7 juillet 2023<\/p>\n\n\n\n<p>&#8211;&nbsp;<a href=\"https:\/\/www.rue89strasbourg.com\/grande-fosse-habitants-emparent-foret-communale-269460?gift=discOUoZS6BX\" data-type=\"link\" data-id=\"https:\/\/www.rue89strasbourg.com\/grande-fosse-habitants-emparent-foret-communale-269460?gift=MpIeYyyAutup&amp;fbclid=IwAR0x0uaB3_4deyGkaoez-J7SnkIRP9bV7DDrLvIDorcwIOs_8MgEmUiUHO4\">\u00c0 la Grande-Fosse, les habitants s\u2019emparent de la for\u00eat communale<\/a>, Rue89 Strasbourg, 11 ao\u00fbt 2023<\/p>\n\n\n\n<p>&#8211;&nbsp;<a href=\"https:\/\/lamaisonecologique.com\/produit\/n131-octobre-novembre-2022-vivent-low-tech\/\" data-type=\"link\" data-id=\"https:\/\/lamaisonecologique.com\/produit\/n131-octobre-novembre-2022-vivent-low-tech\/\">Ils vivent low-tech<\/a>, La maison \u00e9cologique, N\u00b0131, Octobre-Novembre 2022<\/p>\n\n\n\n<p>Youtube documentaries:<\/p>\n\n\n\n<p>&#8211; <a href=\"https:\/\/www.youtube.com\/watch?v=aucsiGWbEyU&amp;t=1s&amp;pp=ugMGCgJmchABugUEEgJmcsoFD2tpcnN0ZW4gZGlya3NlbtgHAQ%3D%3D\">5 years building off-grid mountain homestead: solo freedom on \u20ac200\/month<\/a>, Kirsten Dirksen, January 2026<\/p>\n\n\n\n<p>On television:<\/p>\n\n\n\n<p>&#8211; <a href=\"https:\/\/youtu.be\/pBZsgIT3CgY?si=cf_R4RMJaeMvHs-E\">La vie en Vosges<\/a>, broadcast of June 5, 2024 on Vosges TV<\/p>","protected":false},"excerpt":{"rendered":"<p>Habiter la terre dans la presse&nbsp;: &#8211; \u00c0 La Grande Fosse, la petite maison en terre-paille dans la prairie, Rue89 Strasbourg, 7 juillet 2023 &#8211;&nbsp;\u00c0 la Grande-Fosse, les habitants s\u2019emparent de la for\u00eat communale, Rue89 Strasbourg, 11 ao\u00fbt 2023 &#8211;&nbsp;Ils vivent low-tech, La maison \u00e9cologique, N\u00b0131, Octobre-Novembre 2022 Reportages Youtube : &#8211; 5 ans de [&hellip;]<\/p>\n","protected":false},"author":1,"featured_media":0,"parent":0,"menu_order":0,"comment_status":"closed","ping_status":"closed","template":"","meta":{"site-sidebar-layout":"default","site-content-layout":"","ast-site-content-layout":"default","site-content-style":"default","site-sidebar-style":"default","ast-global-header-display":"","ast-banner-title-visibility":"","ast-main-header-display":"","ast-hfb-above-header-display":"","ast-hfb-below-header-display":"","ast-hfb-mobile-header-display":"","site-post-title":"disabled","ast-breadcrumbs-content":"","ast-featured-img":"","footer-sml-layout":"","ast-disable-related-posts":"","theme-transparent-header-meta":"","adv-header-id-meta":"","stick-header-meta":"","header-above-stick-meta":"","header-main-stick-meta":"","header-below-stick-meta":"","astra-migrate-meta-layouts":"set","ast-page-background-enabled":"default","ast-page-background-meta":{"desktop":{"background-color":"","background-image":"","background-repeat":"repeat","background-position":"center center","background-size":"auto","background-attachment":"scroll","background-type":"","background-media":"","overlay-type":"","overlay-color":"","overlay-opacity":"","overlay-gradient":""},"tablet":{"background-color":"","background-image":"","background-repeat":"repeat","background-position":"center center","background-size":"auto","background-attachment":"scroll","background-type":"","background-media":"","overlay-type":"","overlay-color":"","overlay-opacity":"","overlay-gradient":""},"mobile":{"background-color":"","background-image":"","background-repeat":"repeat","background-position":"center center","background-size":"auto","background-attachment":"scroll","background-type":"","background-media":"","overlay-type":"","overlay-color":"","overlay-opacity":"","overlay-gradient":""}},"ast-content-background-meta":{"desktop":{"background-color":"var(--ast-global-color-5)","background-image":"","background-repeat":"repeat","background-position":"center center","background-size":"auto","background-attachment":"scroll","background-type":"","background-media":"","overlay-type":"","overlay-color":"","overlay-opacity":"","overlay-gradient":""},"tablet":{"background-color":"var(--ast-global-color-5)","background-image":"","background-repeat":"repeat","background-position":"center center","background-size":"auto","background-attachment":"scroll","background-type":"","background-media":"","overlay-type":"","overlay-color":"","overlay-opacity":"","overlay-gradient":""},"mobile":{"background-color":"var(--ast-global-color-5)","background-image":"","background-repeat":"repeat","background-position":"center center","background-size":"auto","background-attachment":"scroll","background-type":"","background-media":"","overlay-type":"","overlay-color":"","overlay-opacity":"","overlay-gradient":""}},"footnotes":""},"class_list":["post-1599","page","type-page","status-publish","hentry"],"_links":{"self":[{"href":"https:\/\/habiterlaterre.com\/en\/wp-json\/wp\/v2\/pages\/1599","targetHints":{"allow":["GET"]}}],"collection":[{"href":"https:\/\/habiterlaterre.com\/en\/wp-json\/wp\/v2\/pages"}],"about":[{"href":"https:\/\/habiterlaterre.com\/en\/wp-json\/wp\/v2\/types\/page"}],"author":[{"embeddable":true,"href":"https:\/\/habiterlaterre.com\/en\/wp-json\/wp\/v2\/users\/1"}],"replies":[{"embeddable":true,"href":"https:\/\/habiterlaterre.com\/en\/wp-json\/wp\/v2\/comments?post=1599"}],"version-history":[{"count":7,"href":"https:\/\/habiterlaterre.com\/en\/wp-json\/wp\/v2\/pages\/1599\/revisions"}],"predecessor-version":[{"id":1652,"href":"https:\/\/habiterlaterre.com\/en\/wp-json\/wp\/v2\/pages\/1599\/revisions\/1652"}],"wp:attachment":[{"href":"https:\/\/habiterlaterre.com\/en\/wp-json\/wp\/v2\/media?parent=1599"}],"curies":[{"name":"wp","href":"https:\/\/api.w.org\/{rel}","templated":true}]}}