{"id":721,"date":"2021-01-20T11:47:22","date_gmt":"2021-01-20T10:47:22","guid":{"rendered":"http:\/\/habiterlaterre.com\/?page_id=721"},"modified":"2024-05-24T10:29:22","modified_gmt":"2024-05-24T09:29:22","slug":"natural-building","status":"publish","type":"page","link":"https:\/\/habiterlaterre.com\/en\/our-work\/natural-building\/","title":{"rendered":"Natural Building"},"content":{"rendered":"<div class=\"wp-block-cover is-light\"><span aria-hidden=\"true\" class=\"wp-block-cover__background has-background-dim-20 has-background-dim\" style=\"background-color:#85837d\"><\/span><img fetchpriority=\"high\" decoding=\"async\" width=\"2048\" height=\"1537\" class=\"wp-block-cover__image-background wp-image-1556\" alt=\"\" src=\"http:\/\/habiterlaterre.com\/wp-content\/uploads\/2023\/11\/e864a43d-8aef-4cd7-ac12-f2a2dddbd190.jpg\" style=\"object-position:57% 49%\" data-object-fit=\"cover\" data-object-position=\"57% 49%\" srcset=\"https:\/\/habiterlaterre.com\/wp-content\/uploads\/2023\/11\/e864a43d-8aef-4cd7-ac12-f2a2dddbd190.jpg 2048w, https:\/\/habiterlaterre.com\/wp-content\/uploads\/2023\/11\/e864a43d-8aef-4cd7-ac12-f2a2dddbd190-300x225.jpg 300w, https:\/\/habiterlaterre.com\/wp-content\/uploads\/2023\/11\/e864a43d-8aef-4cd7-ac12-f2a2dddbd190-1024x769.jpg 1024w, https:\/\/habiterlaterre.com\/wp-content\/uploads\/2023\/11\/e864a43d-8aef-4cd7-ac12-f2a2dddbd190-768x576.jpg 768w, https:\/\/habiterlaterre.com\/wp-content\/uploads\/2023\/11\/e864a43d-8aef-4cd7-ac12-f2a2dddbd190-1536x1153.jpg 1536w, https:\/\/habiterlaterre.com\/wp-content\/uploads\/2023\/11\/e864a43d-8aef-4cd7-ac12-f2a2dddbd190-16x12.jpg 16w\" sizes=\"(max-width: 2048px) 100vw, 2048px\" \/><div class=\"wp-block-cover__inner-container is-layout-flow wp-block-cover-is-layout-flow\">\n<p class=\"has-text-align-center has-ast-global-color-5-color has-text-color has-link-color has-large-font-size wp-elements-b6f274b017e174302d583ef6655b7e13\">Construction naturelle<\/p>\n<\/div><\/div>\n\n\n\n<ul class=\"wp-block-list\">\n<li>Fondations en agr\u00e9gats compact\u00e9<\/li>\n\n\n\n<li>Soubassement en pierres li\u00e9es \u00e0 la chaux<\/li>\n\n\n\n<li>Charpente en bois rond<\/li>\n\n\n\n<li>Toiture v\u00e9g\u00e9talis\u00e9e<\/li>\n\n\n\n<li>Murs en bottes de paille<\/li>\n\n\n\n<li>Murs en bauge<\/li>\n\n\n\n<li>Enduits terre<\/li>\n\n\n\n<li>Sol en terre crue<\/li>\n<\/ul>\n\n\n\n<p>La construction naturelle est une mani\u00e8re de construire \u00e9cologique, saine et \u00e9conomique. Alors que le milieu du b\u00e2timent est g\u00e9n\u00e9ralement hautement professionnalis\u00e9, de telles techniques peuvent \u00eatre mises en \u0153uvre par des amateurs. Si vous cherchez \u00e0 vous former, ou que vous souhaitez discuter les diff\u00e9rents choix techniques de ma maison, n&rsquo;h\u00e9siter pas \u00e0 me contacter.<\/p>\n\n\n\n<div class=\"wp-block-columns is-layout-flex wp-container-core-columns-is-layout-28f84493 wp-block-columns-is-layout-flex\">\n<div class=\"wp-block-column is-layout-flow wp-block-column-is-layout-flow\">\n<figure class=\"wp-block-image size-large\"><img decoding=\"async\" width=\"300\" height=\"300\" src=\"http:\/\/habiterlaterre.com\/wp-content\/uploads\/2021\/01\/EP1-1.jpg\" alt=\"\" class=\"wp-image-1155\" srcset=\"https:\/\/habiterlaterre.com\/wp-content\/uploads\/2021\/01\/EP1-1.jpg 300w, https:\/\/habiterlaterre.com\/wp-content\/uploads\/2021\/01\/EP1-1-150x150.jpg 150w, https:\/\/habiterlaterre.com\/wp-content\/uploads\/2021\/01\/EP1-1-12x12.jpg 12w, https:\/\/habiterlaterre.com\/wp-content\/uploads\/2021\/01\/EP1-1-100x100.jpg 100w\" sizes=\"(max-width: 300px) 100vw, 300px\" \/><\/figure>\n\n\n\n<figure class=\"wp-block-image size-large\"><img decoding=\"async\" width=\"300\" height=\"300\" src=\"http:\/\/habiterlaterre.com\/wp-content\/uploads\/2021\/01\/EP4-2.jpg\" alt=\"\" class=\"wp-image-1158\" srcset=\"https:\/\/habiterlaterre.com\/wp-content\/uploads\/2021\/01\/EP4-2.jpg 300w, https:\/\/habiterlaterre.com\/wp-content\/uploads\/2021\/01\/EP4-2-150x150.jpg 150w, https:\/\/habiterlaterre.com\/wp-content\/uploads\/2021\/01\/EP4-2-12x12.jpg 12w, https:\/\/habiterlaterre.com\/wp-content\/uploads\/2021\/01\/EP4-2-100x100.jpg 100w\" sizes=\"(max-width: 300px) 100vw, 300px\" \/><\/figure>\n\n\n\n<figure class=\"wp-block-image size-large\"><img loading=\"lazy\" decoding=\"async\" width=\"300\" height=\"300\" src=\"http:\/\/habiterlaterre.com\/wp-content\/uploads\/2021\/01\/EP7-3.jpg\" alt=\"\" class=\"wp-image-1161\" srcset=\"https:\/\/habiterlaterre.com\/wp-content\/uploads\/2021\/01\/EP7-3.jpg 300w, https:\/\/habiterlaterre.com\/wp-content\/uploads\/2021\/01\/EP7-3-150x150.jpg 150w, https:\/\/habiterlaterre.com\/wp-content\/uploads\/2021\/01\/EP7-3-12x12.jpg 12w, https:\/\/habiterlaterre.com\/wp-content\/uploads\/2021\/01\/EP7-3-100x100.jpg 100w\" sizes=\"(max-width: 300px) 100vw, 300px\" \/><\/figure>\n\n\n\n<figure class=\"wp-block-image size-large\"><img loading=\"lazy\" decoding=\"async\" width=\"300\" height=\"300\" src=\"http:\/\/habiterlaterre.com\/wp-content\/uploads\/2021\/01\/EP10-1.jpg\" alt=\"\" class=\"wp-image-1164\" srcset=\"https:\/\/habiterlaterre.com\/wp-content\/uploads\/2021\/01\/EP10-1.jpg 300w, https:\/\/habiterlaterre.com\/wp-content\/uploads\/2021\/01\/EP10-1-150x150.jpg 150w, https:\/\/habiterlaterre.com\/wp-content\/uploads\/2021\/01\/EP10-1-12x12.jpg 12w, https:\/\/habiterlaterre.com\/wp-content\/uploads\/2021\/01\/EP10-1-100x100.jpg 100w\" sizes=\"(max-width: 300px) 100vw, 300px\" \/><\/figure>\n\n\n\n<figure class=\"wp-block-image size-large\"><img loading=\"lazy\" decoding=\"async\" width=\"300\" height=\"300\" src=\"http:\/\/habiterlaterre.com\/wp-content\/uploads\/2021\/01\/EP13.png\" alt=\"\" class=\"wp-image-1168\" srcset=\"https:\/\/habiterlaterre.com\/wp-content\/uploads\/2021\/01\/EP13.png 300w, https:\/\/habiterlaterre.com\/wp-content\/uploads\/2021\/01\/EP13-150x150.png 150w, https:\/\/habiterlaterre.com\/wp-content\/uploads\/2021\/01\/EP13-12x12.png 12w, https:\/\/habiterlaterre.com\/wp-content\/uploads\/2021\/01\/EP13-100x100.png 100w\" sizes=\"(max-width: 300px) 100vw, 300px\" \/><\/figure>\n<\/div>\n\n\n\n<div class=\"wp-block-column is-layout-flow wp-block-column-is-layout-flow\">\n<figure class=\"wp-block-image size-large\"><img loading=\"lazy\" decoding=\"async\" width=\"300\" height=\"299\" src=\"http:\/\/habiterlaterre.com\/wp-content\/uploads\/2021\/01\/EP2-1.jpg\" alt=\"\" class=\"wp-image-1156\" srcset=\"https:\/\/habiterlaterre.com\/wp-content\/uploads\/2021\/01\/EP2-1.jpg 300w, https:\/\/habiterlaterre.com\/wp-content\/uploads\/2021\/01\/EP2-1-150x150.jpg 150w, https:\/\/habiterlaterre.com\/wp-content\/uploads\/2021\/01\/EP2-1-12x12.jpg 12w, https:\/\/habiterlaterre.com\/wp-content\/uploads\/2021\/01\/EP2-1-100x100.jpg 100w\" sizes=\"(max-width: 300px) 100vw, 300px\" \/><\/figure>\n\n\n\n<figure class=\"wp-block-image size-large\"><img loading=\"lazy\" decoding=\"async\" width=\"300\" height=\"300\" src=\"http:\/\/habiterlaterre.com\/wp-content\/uploads\/2021\/01\/EP5-2.jpg\" alt=\"\" class=\"wp-image-1159\" srcset=\"https:\/\/habiterlaterre.com\/wp-content\/uploads\/2021\/01\/EP5-2.jpg 300w, https:\/\/habiterlaterre.com\/wp-content\/uploads\/2021\/01\/EP5-2-150x150.jpg 150w, https:\/\/habiterlaterre.com\/wp-content\/uploads\/2021\/01\/EP5-2-12x12.jpg 12w, https:\/\/habiterlaterre.com\/wp-content\/uploads\/2021\/01\/EP5-2-100x100.jpg 100w\" sizes=\"(max-width: 300px) 100vw, 300px\" \/><\/figure>\n\n\n\n<figure class=\"wp-block-image size-large\"><img loading=\"lazy\" decoding=\"async\" width=\"300\" height=\"300\" src=\"http:\/\/habiterlaterre.com\/wp-content\/uploads\/2021\/01\/EP8-2.jpg\" alt=\"\" class=\"wp-image-1162\" srcset=\"https:\/\/habiterlaterre.com\/wp-content\/uploads\/2021\/01\/EP8-2.jpg 300w, https:\/\/habiterlaterre.com\/wp-content\/uploads\/2021\/01\/EP8-2-150x150.jpg 150w, https:\/\/habiterlaterre.com\/wp-content\/uploads\/2021\/01\/EP8-2-12x12.jpg 12w, https:\/\/habiterlaterre.com\/wp-content\/uploads\/2021\/01\/EP8-2-100x100.jpg 100w\" sizes=\"(max-width: 300px) 100vw, 300px\" \/><\/figure>\n\n\n\n<figure class=\"wp-block-image size-large\"><img loading=\"lazy\" decoding=\"async\" width=\"300\" height=\"300\" src=\"http:\/\/habiterlaterre.com\/wp-content\/uploads\/2021\/01\/EP11.jpg\" alt=\"\" class=\"wp-image-1166\" srcset=\"https:\/\/habiterlaterre.com\/wp-content\/uploads\/2021\/01\/EP11.jpg 300w, https:\/\/habiterlaterre.com\/wp-content\/uploads\/2021\/01\/EP11-150x150.jpg 150w, https:\/\/habiterlaterre.com\/wp-content\/uploads\/2021\/01\/EP11-12x12.jpg 12w, https:\/\/habiterlaterre.com\/wp-content\/uploads\/2021\/01\/EP11-100x100.jpg 100w\" sizes=\"(max-width: 300px) 100vw, 300px\" \/><\/figure>\n\n\n\n<figure class=\"wp-block-image size-large\"><img loading=\"lazy\" decoding=\"async\" width=\"300\" height=\"300\" src=\"http:\/\/habiterlaterre.com\/wp-content\/uploads\/2021\/01\/EP14-1.jpeg\" alt=\"\" class=\"wp-image-1181\" srcset=\"https:\/\/habiterlaterre.com\/wp-content\/uploads\/2021\/01\/EP14-1.jpeg 300w, https:\/\/habiterlaterre.com\/wp-content\/uploads\/2021\/01\/EP14-1-150x150.jpeg 150w, https:\/\/habiterlaterre.com\/wp-content\/uploads\/2021\/01\/EP14-1-12x12.jpeg 12w, https:\/\/habiterlaterre.com\/wp-content\/uploads\/2021\/01\/EP14-1-100x100.jpeg 100w\" sizes=\"(max-width: 300px) 100vw, 300px\" \/><\/figure>\n<\/div>\n\n\n\n<div class=\"wp-block-column is-layout-flow wp-block-column-is-layout-flow\">\n<figure class=\"wp-block-image size-large\"><img loading=\"lazy\" decoding=\"async\" width=\"300\" height=\"300\" src=\"http:\/\/habiterlaterre.com\/wp-content\/uploads\/2021\/01\/EP3-2.jpg\" alt=\"\" class=\"wp-image-1178\" srcset=\"https:\/\/habiterlaterre.com\/wp-content\/uploads\/2021\/01\/EP3-2.jpg 300w, https:\/\/habiterlaterre.com\/wp-content\/uploads\/2021\/01\/EP3-2-150x150.jpg 150w, https:\/\/habiterlaterre.com\/wp-content\/uploads\/2021\/01\/EP3-2-12x12.jpg 12w, https:\/\/habiterlaterre.com\/wp-content\/uploads\/2021\/01\/EP3-2-100x100.jpg 100w\" sizes=\"(max-width: 300px) 100vw, 300px\" \/><\/figure>\n\n\n\n<figure class=\"wp-block-image size-full\"><img loading=\"lazy\" decoding=\"async\" width=\"300\" height=\"300\" src=\"http:\/\/habiterlaterre.com\/wp-content\/uploads\/2021\/01\/Mathieu-About-1.jpg\" alt=\"\" class=\"wp-image-1107\" srcset=\"https:\/\/habiterlaterre.com\/wp-content\/uploads\/2021\/01\/Mathieu-About-1.jpg 300w, https:\/\/habiterlaterre.com\/wp-content\/uploads\/2021\/01\/Mathieu-About-1-150x150.jpg 150w, https:\/\/habiterlaterre.com\/wp-content\/uploads\/2021\/01\/Mathieu-About-1-12x12.jpg 12w, https:\/\/habiterlaterre.com\/wp-content\/uploads\/2021\/01\/Mathieu-About-1-100x100.jpg 100w\" sizes=\"(max-width: 300px) 100vw, 300px\" \/><\/figure>\n\n\n\n<figure class=\"wp-block-image size-large\"><img loading=\"lazy\" decoding=\"async\" width=\"300\" height=\"300\" src=\"http:\/\/habiterlaterre.com\/wp-content\/uploads\/2021\/01\/EP9-2.jpg\" alt=\"\" class=\"wp-image-1163\" srcset=\"https:\/\/habiterlaterre.com\/wp-content\/uploads\/2021\/01\/EP9-2.jpg 300w, https:\/\/habiterlaterre.com\/wp-content\/uploads\/2021\/01\/EP9-2-150x150.jpg 150w, https:\/\/habiterlaterre.com\/wp-content\/uploads\/2021\/01\/EP9-2-12x12.jpg 12w, https:\/\/habiterlaterre.com\/wp-content\/uploads\/2021\/01\/EP9-2-100x100.jpg 100w\" sizes=\"(max-width: 300px) 100vw, 300px\" \/><\/figure>\n\n\n\n<figure class=\"wp-block-image size-large\"><img loading=\"lazy\" decoding=\"async\" width=\"300\" height=\"300\" src=\"http:\/\/habiterlaterre.com\/wp-content\/uploads\/2021\/01\/EP12.jpg\" alt=\"\" class=\"wp-image-1167\" srcset=\"https:\/\/habiterlaterre.com\/wp-content\/uploads\/2021\/01\/EP12.jpg 300w, https:\/\/habiterlaterre.com\/wp-content\/uploads\/2021\/01\/EP12-150x150.jpg 150w, https:\/\/habiterlaterre.com\/wp-content\/uploads\/2021\/01\/EP12-12x12.jpg 12w, https:\/\/habiterlaterre.com\/wp-content\/uploads\/2021\/01\/EP12-100x100.jpg 100w\" sizes=\"(max-width: 300px) 100vw, 300px\" \/><\/figure>\n\n\n\n<figure class=\"wp-block-image size-large\"><img loading=\"lazy\" decoding=\"async\" width=\"300\" height=\"300\" src=\"http:\/\/habiterlaterre.com\/wp-content\/uploads\/2021\/01\/EP15.png\" alt=\"\" class=\"wp-image-1170\" srcset=\"https:\/\/habiterlaterre.com\/wp-content\/uploads\/2021\/01\/EP15.png 300w, https:\/\/habiterlaterre.com\/wp-content\/uploads\/2021\/01\/EP15-150x150.png 150w, https:\/\/habiterlaterre.com\/wp-content\/uploads\/2021\/01\/EP15-12x12.png 12w, https:\/\/habiterlaterre.com\/wp-content\/uploads\/2021\/01\/EP15-100x100.png 100w\" sizes=\"(max-width: 300px) 100vw, 300px\" \/><\/figure>\n<\/div>\n<\/div>\n\n\n\n<div class=\"wp-block-columns is-layout-flex wp-container-core-columns-is-layout-28f84493 wp-block-columns-is-layout-flex\">\n<div class=\"wp-block-column is-layout-flow wp-block-column-is-layout-flow\">\n<figure class=\"wp-block-image size-large is-resized\"><img loading=\"lazy\" decoding=\"async\" width=\"683\" height=\"679\" src=\"https:\/\/habiterlaterre.com\/wp-content\/uploads\/2021\/06\/IMG_9363-1.jpg\" alt=\"\" class=\"wp-image-1390\" style=\"width:300px;height:300px\" srcset=\"https:\/\/habiterlaterre.com\/wp-content\/uploads\/2021\/06\/IMG_9363-1.jpg 683w, https:\/\/habiterlaterre.com\/wp-content\/uploads\/2021\/06\/IMG_9363-1-300x298.jpg 300w, https:\/\/habiterlaterre.com\/wp-content\/uploads\/2021\/06\/IMG_9363-1-150x150.jpg 150w, https:\/\/habiterlaterre.com\/wp-content\/uploads\/2021\/06\/IMG_9363-1-12x12.jpg 12w, https:\/\/habiterlaterre.com\/wp-content\/uploads\/2021\/06\/IMG_9363-1-600x596.jpg 600w, https:\/\/habiterlaterre.com\/wp-content\/uploads\/2021\/06\/IMG_9363-1-100x100.jpg 100w\" sizes=\"(max-width: 683px) 100vw, 683px\" \/><\/figure>\n<\/div>\n\n\n\n<div class=\"wp-block-column is-layout-flow wp-block-column-is-layout-flow\">\n<figure class=\"wp-block-image size-large is-resized\"><img loading=\"lazy\" decoding=\"async\" width=\"684\" height=\"680\" src=\"https:\/\/habiterlaterre.com\/wp-content\/uploads\/2021\/06\/IMG_9737-1.jpg\" alt=\"\" class=\"wp-image-1391\" style=\"width:300px;height:300px\" srcset=\"https:\/\/habiterlaterre.com\/wp-content\/uploads\/2021\/06\/IMG_9737-1.jpg 684w, https:\/\/habiterlaterre.com\/wp-content\/uploads\/2021\/06\/IMG_9737-1-300x298.jpg 300w, https:\/\/habiterlaterre.com\/wp-content\/uploads\/2021\/06\/IMG_9737-1-150x150.jpg 150w, https:\/\/habiterlaterre.com\/wp-content\/uploads\/2021\/06\/IMG_9737-1-12x12.jpg 12w, https:\/\/habiterlaterre.com\/wp-content\/uploads\/2021\/06\/IMG_9737-1-600x596.jpg 600w, https:\/\/habiterlaterre.com\/wp-content\/uploads\/2021\/06\/IMG_9737-1-100x100.jpg 100w\" sizes=\"(max-width: 684px) 100vw, 684px\" \/><\/figure>\n<\/div>\n\n\n\n<div class=\"wp-block-column is-layout-flow wp-block-column-is-layout-flow\">\n<figure class=\"wp-block-image size-large is-resized\"><img loading=\"lazy\" decoding=\"async\" width=\"601\" height=\"680\" src=\"https:\/\/habiterlaterre.com\/wp-content\/uploads\/2021\/06\/IMG_9665-1.jpg\" alt=\"\" class=\"wp-image-1392\" style=\"width:300px;height:300px\" srcset=\"https:\/\/habiterlaterre.com\/wp-content\/uploads\/2021\/06\/IMG_9665-1.jpg 601w, https:\/\/habiterlaterre.com\/wp-content\/uploads\/2021\/06\/IMG_9665-1-265x300.jpg 265w, https:\/\/habiterlaterre.com\/wp-content\/uploads\/2021\/06\/IMG_9665-1-11x12.jpg 11w\" sizes=\"(max-width: 601px) 100vw, 601px\" \/><\/figure>\n<\/div>\n<\/div>","protected":false},"excerpt":{"rendered":"<p>La construction naturelle est une mani\u00e8re de construire \u00e9cologique, saine et \u00e9conomique. Alors que le milieu du b\u00e2timent est g\u00e9n\u00e9ralement hautement professionnalis\u00e9, de telles techniques peuvent \u00eatre mises en \u0153uvre par des amateurs. Si vous cherchez \u00e0 vous former, ou que vous souhaitez discuter les diff\u00e9rents choix techniques de ma maison, n&rsquo;h\u00e9siter pas \u00e0 me [&hellip;]<\/p>\n","protected":false},"author":1,"featured_media":0,"parent":725,"menu_order":0,"comment_status":"closed","ping_status":"closed","template":"","meta":{"site-sidebar-layout":"default","site-content-layout":"default","ast-site-content-layout":"default","site-content-style":"default","site-sidebar-style":"default","ast-global-header-display":"","ast-banner-title-visibility":"","ast-main-header-display":"","ast-hfb-above-header-display":"","ast-hfb-below-header-display":"","ast-hfb-mobile-header-display":"","site-post-title":"disabled","ast-breadcrumbs-content":"","ast-featured-img":"","footer-sml-layout":"","theme-transparent-header-meta":"default","adv-header-id-meta":"","stick-header-meta":"","header-above-stick-meta":"","header-main-stick-meta":"","header-below-stick-meta":"","astra-migrate-meta-layouts":"set","ast-page-background-enabled":"default","ast-page-background-meta":{"desktop":{"background-color":"","background-image":"","background-repeat":"repeat","background-position":"center center","background-size":"auto","background-attachment":"scroll","background-type":"","background-media":"","overlay-type":"","overlay-color":"","overlay-opacity":"","overlay-gradient":""},"tablet":{"background-color":"","background-image":"","background-repeat":"repeat","background-position":"center center","background-size":"auto","background-attachment":"scroll","background-type":"","background-media":"","overlay-type":"","overlay-color":"","overlay-opacity":"","overlay-gradient":""},"mobile":{"background-color":"","background-image":"","background-repeat":"repeat","background-position":"center center","background-size":"auto","background-attachment":"scroll","background-type":"","background-media":"","overlay-type":"","overlay-color":"","overlay-opacity":"","overlay-gradient":""}},"ast-content-background-meta":{"desktop":{"background-color":"var(--ast-global-color-5)","background-image":"","background-repeat":"repeat","background-position":"center center","background-size":"auto","background-attachment":"scroll","background-type":"","background-media":"","overlay-type":"","overlay-color":"","overlay-opacity":"","overlay-gradient":""},"tablet":{"background-color":"var(--ast-global-color-5)","background-image":"","background-repeat":"repeat","background-position":"center center","background-size":"auto","background-attachment":"scroll","background-type":"","background-media":"","overlay-type":"","overlay-color":"","overlay-opacity":"","overlay-gradient":""},"mobile":{"background-color":"var(--ast-global-color-5)","background-image":"","background-repeat":"repeat","background-position":"center center","background-size":"auto","background-attachment":"scroll","background-type":"","background-media":"","overlay-type":"","overlay-color":"","overlay-opacity":"","overlay-gradient":""}},"footnotes":""},"class_list":["post-721","page","type-page","status-publish","hentry"],"_links":{"self":[{"href":"https:\/\/habiterlaterre.com\/en\/wp-json\/wp\/v2\/pages\/721","targetHints":{"allow":["GET"]}}],"collection":[{"href":"https:\/\/habiterlaterre.com\/en\/wp-json\/wp\/v2\/pages"}],"about":[{"href":"https:\/\/habiterlaterre.com\/en\/wp-json\/wp\/v2\/types\/page"}],"author":[{"embeddable":true,"href":"https:\/\/habiterlaterre.com\/en\/wp-json\/wp\/v2\/users\/1"}],"replies":[{"embeddable":true,"href":"https:\/\/habiterlaterre.com\/en\/wp-json\/wp\/v2\/comments?post=721"}],"version-history":[{"count":14,"href":"https:\/\/habiterlaterre.com\/en\/wp-json\/wp\/v2\/pages\/721\/revisions"}],"predecessor-version":[{"id":1620,"href":"https:\/\/habiterlaterre.com\/en\/wp-json\/wp\/v2\/pages\/721\/revisions\/1620"}],"up":[{"embeddable":true,"href":"https:\/\/habiterlaterre.com\/en\/wp-json\/wp\/v2\/pages\/725"}],"wp:attachment":[{"href":"https:\/\/habiterlaterre.com\/en\/wp-json\/wp\/v2\/media?parent=721"}],"curies":[{"name":"wp","href":"https:\/\/api.w.org\/{rel}","templated":true}]}}