{"id":756,"date":"2021-01-20T16:38:35","date_gmt":"2021-01-20T16:38:35","guid":{"rendered":"http:\/\/habiterlaterre.com\/?page_id=756"},"modified":"2025-12-28T18:09:34","modified_gmt":"2025-12-28T17:09:34","slug":"home-2","status":"publish","type":"page","link":"https:\/\/habiterlaterre.com\/en\/","title":{"rendered":"Home"},"content":{"rendered":"<div class=\"wp-block-cover has-custom-content-position is-position-bottom-right\"><img fetchpriority=\"high\" decoding=\"async\" width=\"1024\" height=\"683\" class=\"wp-block-cover__image-background wp-image-1589\" alt=\"\" src=\"http:\/\/habiterlaterre.com\/wp-content\/uploads\/2023\/11\/53008028136-212eef607a-k-1.jpg\" data-object-fit=\"cover\" srcset=\"https:\/\/habiterlaterre.com\/wp-content\/uploads\/2023\/11\/53008028136-212eef607a-k-1.jpg 1024w, https:\/\/habiterlaterre.com\/wp-content\/uploads\/2023\/11\/53008028136-212eef607a-k-1-300x200.jpg 300w, https:\/\/habiterlaterre.com\/wp-content\/uploads\/2023\/11\/53008028136-212eef607a-k-1-768x512.jpg 768w\" sizes=\"(max-width: 1024px) 100vw, 1024px\" \/><span aria-hidden=\"true\" class=\"wp-block-cover__background has-background-dim-0 has-background-dim\"><\/span><div class=\"wp-block-cover__inner-container is-layout-flow wp-block-cover-is-layout-flow\">\n<p class=\"has-text-align-center has-ast-global-color-5-color has-text-color has-link-color has-large-font-size wp-elements-c598f90fadb341d03a8b135ee8ee3d86\">Habiter la terre<\/p>\n<\/div><\/div>\n\n\n\n<p class=\"has-text-align-center translation-block\"><strong><em>Habiter la terre<\/em> accompanies you in setting up autonomous <\/strong> <strong>and resilient systems<\/strong>. <strong>With five years of practice in natural building and more than ten years of experimentations towards self-reliance in terms of food and energy, I offer my help so that you too can build a lifestyle based on respect and understanding of nature.<\/p>\n\n\n\n<h3 class=\"wp-block-heading\">What I can offer<\/h3>\n\n\n\n<div class=\"wp-block-columns is-layout-flex wp-container-core-columns-is-layout-28f84493 wp-block-columns-is-layout-flex\">\n<div class=\"wp-block-column is-layout-flow wp-block-column-is-layout-flow\" style=\"flex-basis:33.33%\">\n<figure class=\"wp-block-image size-large\"><img decoding=\"async\" width=\"1024\" height=\"769\" src=\"http:\/\/habiterlaterre.com\/wp-content\/uploads\/2023\/11\/e864a43d-8aef-4cd7-ac12-f2a2dddbd190-1024x769.jpg\" alt=\"\" class=\"wp-image-1556\" srcset=\"https:\/\/habiterlaterre.com\/wp-content\/uploads\/2023\/11\/e864a43d-8aef-4cd7-ac12-f2a2dddbd190-1024x769.jpg 1024w, https:\/\/habiterlaterre.com\/wp-content\/uploads\/2023\/11\/e864a43d-8aef-4cd7-ac12-f2a2dddbd190-300x225.jpg 300w, https:\/\/habiterlaterre.com\/wp-content\/uploads\/2023\/11\/e864a43d-8aef-4cd7-ac12-f2a2dddbd190-768x576.jpg 768w, https:\/\/habiterlaterre.com\/wp-content\/uploads\/2023\/11\/e864a43d-8aef-4cd7-ac12-f2a2dddbd190-1536x1153.jpg 1536w, https:\/\/habiterlaterre.com\/wp-content\/uploads\/2023\/11\/e864a43d-8aef-4cd7-ac12-f2a2dddbd190-16x12.jpg 16w, https:\/\/habiterlaterre.com\/wp-content\/uploads\/2023\/11\/e864a43d-8aef-4cd7-ac12-f2a2dddbd190.jpg 2048w\" sizes=\"(max-width: 1024px) 100vw, 1024px\" \/><\/figure>\n<\/div>\n\n\n\n<div class=\"wp-block-column is-layout-flow wp-block-column-is-layout-flow\" style=\"flex-basis:66.66%\">\n<h3 class=\"wp-block-heading\">Natural building<\/h3>\n\n\n\n<p>\u2013\u00a0Support with a build (supervision of volunteers via Workaway of Woofing)<\/p>\n\n\n\n<p>\u2013\u00a0Assistance with a self-building project (advices or training on a specific technique)<\/p>\n\n\n\n<p>\u2013\u00a0Building of earthen structures<\/p>\n\n\n\n<p>\u2013\u00a0Clay plasters and earthen floors<\/p>\n<\/div>\n<\/div>\n\n\n\n<hr class=\"wp-block-separator has-alpha-channel-opacity\"\/>\n\n\n\n<div class=\"wp-block-columns is-layout-flex wp-container-core-columns-is-layout-28f84493 wp-block-columns-is-layout-flex\">\n<div class=\"wp-block-column is-layout-flow wp-block-column-is-layout-flow\" style=\"flex-basis:33.33%\">\n<figure class=\"wp-block-image size-full\"><img decoding=\"async\" width=\"640\" height=\"682\" src=\"http:\/\/habiterlaterre.com\/wp-content\/uploads\/2023\/11\/53008410710-581609b87b-k-e1701173667308.jpg\" alt=\"\" class=\"wp-image-1577\" srcset=\"https:\/\/habiterlaterre.com\/wp-content\/uploads\/2023\/11\/53008410710-581609b87b-k-e1701173667308.jpg 640w, https:\/\/habiterlaterre.com\/wp-content\/uploads\/2023\/11\/53008410710-581609b87b-k-e1701173667308-282x300.jpg 282w, https:\/\/habiterlaterre.com\/wp-content\/uploads\/2023\/11\/53008410710-581609b87b-k-e1701173667308-11x12.jpg 11w\" sizes=\"(max-width: 640px) 100vw, 640px\" \/><\/figure>\n<\/div>\n\n\n\n<div class=\"wp-block-column is-layout-flow wp-block-column-is-layout-flow\" style=\"flex-basis:66.66%\">\n<h3 class=\"wp-block-heading\">Plants and mushrooms courses<\/h3>\n\n\n\n<p>\u2013\u00a0Foraging workshops<\/p>\n\n\n\n<p>\u2013\u00a0Botanical survey of your land<\/p>\n\n\n\n<p>\u2013\u00a0Introduction to mushroom growing workshops<\/p>\n\n\n\n<p>\u2013\u00a0Introduction to fermentation workshops (lacto-fermentation, botanical meads, miso)<\/p>\n<\/div>\n<\/div>\n\n\n\n<hr class=\"wp-block-separator has-alpha-channel-opacity\"\/>\n\n\n\n<div class=\"wp-block-columns is-layout-flex wp-container-core-columns-is-layout-28f84493 wp-block-columns-is-layout-flex\">\n<div class=\"wp-block-column is-layout-flow wp-block-column-is-layout-flow\" style=\"flex-basis:33.33%\">\n<figure class=\"wp-block-image size-full\"><img decoding=\"async\" src=\"http:\/\/habiterlaterre.com\/wp-content\/uploads\/2023\/11\/EAU-ASSAINISSEMENT-La-Grande-Fosse-c-PBohlinger-143-e1701102059894.jpg\" alt=\"\" class=\"wp-image-1566\"\/><\/figure>\n<\/div>\n\n\n\n<div class=\"wp-block-column is-layout-flow wp-block-column-is-layout-flow\" style=\"flex-basis:66.66%\">\n<h3 class=\"wp-block-heading\">Permaculture<\/h3>\n\n\n\n<p>\u2013\u00a0Introduction to permaculture design workshops<\/p>\n\n\n\n<p>\u2013\u00a0Help with setting up a permaculture garden<\/p>\n\n\n\n<p>\u2013\u00a0Tree planting<\/p>\n\n\n\n<p>\u2013\u00a0Fruit tree care<\/p>\n<\/div>\n<\/div>\n\n\n\n<hr class=\"wp-block-separator has-alpha-channel-opacity\"\/>\n\n\n\n<p><strong>If you want me to accompany you on your projects, to lead a workshop or for any other question, get in touch at <a href=\"mailto:habiterlaterre@protonmail.com\">habiterlaterre@protonmail.com<\/a><\/strong>.<\/p>","protected":false},"excerpt":{"rendered":"<p>Habiter la terre vous accompagne dans la mise en place de syst\u00e8mes de vie autonomes et r\u00e9silients. Avec plusieurs ann\u00e9es de pratique en \u00e9co-construction et plus de dix ans d&rsquo;exp\u00e9rimentations vers l&rsquo;auto-suffisance alimentaire et \u00e9nerg\u00e9tique, je propose mes comp\u00e9tences dans le but de promouvoir un mode de vie bas\u00e9 sur la compr\u00e9hension et le respect [&hellip;]<\/p>\n","protected":false},"author":1,"featured_media":0,"parent":0,"menu_order":0,"comment_status":"closed","ping_status":"closed","template":"","meta":{"site-sidebar-layout":"no-sidebar","site-content-layout":"boxed-container","ast-site-content-layout":"normal-width-container","site-content-style":"boxed","site-sidebar-style":"boxed","ast-global-header-display":"","ast-banner-title-visibility":"","ast-main-header-display":"","ast-hfb-above-header-display":"","ast-hfb-below-header-display":"","ast-hfb-mobile-header-display":"","site-post-title":"disabled","ast-breadcrumbs-content":"","ast-featured-img":"disabled","footer-sml-layout":"","theme-transparent-header-meta":"disabled","adv-header-id-meta":"","stick-header-meta":"","header-above-stick-meta":"","header-main-stick-meta":"","header-below-stick-meta":"","astra-migrate-meta-layouts":"set","ast-page-background-enabled":"default","ast-page-background-meta":{"desktop":{"background-color":"","background-image":"","background-repeat":"repeat","background-position":"center center","background-size":"auto","background-attachment":"scroll","background-type":"","background-media":"","overlay-type":"","overlay-color":"","overlay-opacity":"","overlay-gradient":""},"tablet":{"background-color":"","background-image":"","background-repeat":"repeat","background-position":"center center","background-size":"auto","background-attachment":"scroll","background-type":"","background-media":"","overlay-type":"","overlay-color":"","overlay-opacity":"","overlay-gradient":""},"mobile":{"background-color":"","background-image":"","background-repeat":"repeat","background-position":"center center","background-size":"auto","background-attachment":"scroll","background-type":"","background-media":"","overlay-type":"","overlay-color":"","overlay-opacity":"","overlay-gradient":""}},"ast-content-background-meta":{"desktop":{"background-color":"var(--ast-global-color-5)","background-image":"","background-repeat":"repeat","background-position":"center center","background-size":"auto","background-attachment":"scroll","background-type":"","background-media":"","overlay-type":"","overlay-color":"","overlay-opacity":"","overlay-gradient":""},"tablet":{"background-color":"var(--ast-global-color-5)","background-image":"","background-repeat":"repeat","background-position":"center center","background-size":"auto","background-attachment":"scroll","background-type":"","background-media":"","overlay-type":"","overlay-color":"","overlay-opacity":"","overlay-gradient":""},"mobile":{"background-color":"var(--ast-global-color-5)","background-image":"","background-repeat":"repeat","background-position":"center center","background-size":"auto","background-attachment":"scroll","background-type":"","background-media":"","overlay-type":"","overlay-color":"","overlay-opacity":"","overlay-gradient":""}},"footnotes":""},"class_list":["post-756","page","type-page","status-publish","hentry"],"_links":{"self":[{"href":"https:\/\/habiterlaterre.com\/en\/wp-json\/wp\/v2\/pages\/756","targetHints":{"allow":["GET"]}}],"collection":[{"href":"https:\/\/habiterlaterre.com\/en\/wp-json\/wp\/v2\/pages"}],"about":[{"href":"https:\/\/habiterlaterre.com\/en\/wp-json\/wp\/v2\/types\/page"}],"author":[{"embeddable":true,"href":"https:\/\/habiterlaterre.com\/en\/wp-json\/wp\/v2\/users\/1"}],"replies":[{"embeddable":true,"href":"https:\/\/habiterlaterre.com\/en\/wp-json\/wp\/v2\/comments?post=756"}],"version-history":[{"count":84,"href":"https:\/\/habiterlaterre.com\/en\/wp-json\/wp\/v2\/pages\/756\/revisions"}],"predecessor-version":[{"id":1647,"href":"https:\/\/habiterlaterre.com\/en\/wp-json\/wp\/v2\/pages\/756\/revisions\/1647"}],"wp:attachment":[{"href":"https:\/\/habiterlaterre.com\/en\/wp-json\/wp\/v2\/media?parent=756"}],"curies":[{"name":"wp","href":"https:\/\/api.w.org\/{rel}","templated":true}]}}